{"id":39193,"date":"2024-05-17T09:57:31","date_gmt":"2024-05-17T09:57:31","guid":{"rendered":"https:\/\/marcjuanstudio.cat\/nosaltres\/"},"modified":"2025-08-25T12:02:13","modified_gmt":"2025-08-25T12:02:13","slug":"nosotros","status":"publish","type":"page","link":"https:\/\/marcjuanstudio.cat\/es\/nosotros\/","title":{"rendered":"Nosotros"},"content":{"rendered":"\t\t<div data-elementor-type=\"wp-page\" data-elementor-id=\"39193\" class=\"elementor elementor-39193 elementor-15198\" data-elementor-post-type=\"page\">\n\t\t\t\t<div class=\"elementor-element elementor-element-2ec08f7 e-con-full e-flex e-con e-parent\" data-id=\"2ec08f7\" data-element_type=\"container\" id=\"about-us\">\n\t\t<div class=\"elementor-element elementor-element-09274b7 e-flex e-con-boxed e-con e-child\" data-id=\"09274b7\" data-element_type=\"container\">\n\t\t\t\t\t<div class=\"e-con-inner\">\n\t\t<div class=\"elementor-element elementor-element-f05bd30 e-con-full e-flex e-con e-child\" data-id=\"f05bd30\" data-element_type=\"container\">\n\t\t\t\t<div class=\"elementor-element elementor-element-9925be2 elementor-widget-tablet__width-inherit elementor-widget elementor-widget-the7-heading\" data-id=\"9925be2\" data-element_type=\"widget\" data-widget_type=\"the7-heading.default\">\n\t\t\t\t<div class=\"elementor-widget-container\">\n\t\t\t\t\t<h2 class=\"the7-heading-title elementor-size-default\">Transformamos historias en impacto para organizaciones con alma social<\/h2>\t\t\t\t<\/div>\n\t\t\t\t<\/div>\n\t\t\t\t<div class=\"elementor-element elementor-element-9dfa89e elementor-widget-tablet__width-inherit elementor-widget elementor-widget-text-editor\" data-id=\"9dfa89e\" data-element_type=\"widget\" data-widget_type=\"text-editor.default\">\n\t\t\t\t<div class=\"elementor-widget-container\">\n\t\t\t\t\t\t\t\t\t<p>Capturar la realidad con emoci\u00f3n es nuestra especialidad. Contarla, nuestra pasi\u00f3n. Tras dos d\u00e9cadas compartiendo historias en cadenas como <b>National Geographic<\/b>, <b>3Cat<\/b>, <b>DMAX <\/b>o <b>Cuatro<\/b>, ponemos toda esta experiencia al servicio de las organizaciones que trabajan para hacer del planeta un lugar mejor.<\/p><p>Somos un estudio de creaci\u00f3n y producci\u00f3n audiovisual especializado en dar forma a narrativas con alma. Desde la emoci\u00f3n y el respeto por la realidad, trabajamos con organizaciones comprometidas con el cambio social: ONGs, entidades culturales y empresas que quieren generar un impacto positivo.<\/p><p><strong>Somos flexibles. Cada proyecto es \u00fanico, y por eso creamos equipos a medida para hacerlo realidad.<\/strong><\/p>\t\t\t\t\t\t\t\t<\/div>\n\t\t\t\t<\/div>\n\t\t\t\t<\/div>\n\t\t\t\t\t<\/div>\n\t\t\t\t<\/div>\n\t\t<div class=\"elementor-element elementor-element-c7cb192 e-flex e-con-boxed e-con e-child\" data-id=\"c7cb192\" data-element_type=\"container\" data-settings=\"{&quot;background_background&quot;:&quot;classic&quot;}\">\n\t\t\t\t\t<div class=\"e-con-inner\">\n\t\t<div class=\"elementor-element elementor-element-344a53e e-con-full e-flex e-con e-child\" data-id=\"344a53e\" data-element_type=\"container\">\n\t\t\t\t<div class=\"elementor-element elementor-element-f0dacc8 elementor-widget-tablet__width-inherit elementor-widget elementor-widget-the7-heading\" data-id=\"f0dacc8\" data-element_type=\"widget\" data-widget_type=\"the7-heading.default\">\n\t\t\t\t<div class=\"elementor-widget-container\">\n\t\t\t\t\t<h2 class=\"the7-heading-title elementor-size-default\">\u00bfQuieres que contemos tu historia?<\/h2>\t\t\t\t<\/div>\n\t\t\t\t<\/div>\n\t\t\t\t<div class=\"elementor-element elementor-element-82c8b56 elementor-widget elementor-widget-the7_button_widget\" data-id=\"82c8b56\" data-element_type=\"widget\" data-widget_type=\"the7_button_widget.default\">\n\t\t\t\t<div class=\"elementor-widget-container\">\n\t\t\t\t\t<div class=\"elementor-button-wrapper\"><a href=\"https:\/\/marcjuanstudio.cat\/es\/contacto\/\" class=\"box-button elementor-button elementor-size-lg\">Cont\u00e1ctanos<\/a><\/div>\t\t\t\t<\/div>\n\t\t\t\t<\/div>\n\t\t\t\t<\/div>\n\t\t\t\t\t<\/div>\n\t\t\t\t<\/div>\n\t\t\t\t<\/div>\n\t\t\t\t<\/div>\n\t\t","protected":false},"excerpt":{"rendered":"<p>Transformamos historias en impacto para organizaciones con alma social Capturar la realidad con emoci\u00f3n es nuestra especialidad. Contarla, nuestra pasi\u00f3n. Tras dos d\u00e9cadas compartiendo historias en cadenas como National Geographic, 3Cat, DMAX o Cuatro, ponemos toda esta experiencia al servicio de las organizaciones que trabajan para hacer del planeta un lugar mejor. Somos un estudio&hellip;<\/p>\n","protected":false},"author":1,"featured_media":18781,"parent":0,"menu_order":10,"comment_status":"closed","ping_status":"closed","template":"","meta":{"footnotes":""},"class_list":["post-39193","page","type-page","status-publish","has-post-thumbnail","hentry"],"yoast_head":"<!-- This site is optimized with the Yoast SEO plugin v25.3 - https:\/\/yoast.com\/wordpress\/plugins\/seo\/ -->\n<title>Nosotros - Marc Juan Studio<\/title>\n<meta name=\"robots\" content=\"index, follow, max-snippet:-1, max-image-preview:large, max-video-preview:-1\" \/>\n<link rel=\"canonical\" href=\"https:\/\/marcjuanstudio.cat\/nosaltres\/\" \/>\n<meta property=\"og:locale\" content=\"es_ES\" \/>\n<meta property=\"og:type\" content=\"article\" \/>\n<meta property=\"og:title\" content=\"Nosotros - Marc Juan Studio\" \/>\n<meta property=\"og:description\" content=\"Transformamos historias en impacto para organizaciones con alma social Capturar la realidad con emoci\u00f3n es nuestra especialidad. Contarla, nuestra pasi\u00f3n. Tras dos d\u00e9cadas compartiendo historias en cadenas como National Geographic, 3Cat, DMAX o Cuatro, ponemos toda esta experiencia al servicio de las organizaciones que trabajan para hacer del planeta un lugar mejor. Somos un estudio&hellip;\" \/>\n<meta property=\"og:url\" content=\"https:\/\/marcjuanstudio.cat\/nosaltres\/\" \/>\n<meta property=\"og:site_name\" content=\"Marc Juan Studio\" \/>\n<meta property=\"article:modified_time\" content=\"2025-08-25T12:02:13+00:00\" \/>\n<meta property=\"og:image\" content=\"https:\/\/marcjuanstudio.cat\/wp-content\/uploads\/2023\/01\/polygons.jpg\" \/>\n\t<meta property=\"og:image:width\" content=\"1500\" \/>\n\t<meta property=\"og:image:height\" content=\"1000\" \/>\n\t<meta property=\"og:image:type\" content=\"image\/jpeg\" \/>\n<meta name=\"twitter:card\" content=\"summary_large_image\" \/>\n<meta name=\"twitter:label1\" content=\"Tiempo de lectura\" \/>\n\t<meta name=\"twitter:data1\" content=\"1 minuto\" \/>\n<script type=\"application\/ld+json\" class=\"yoast-schema-graph\">{\"@context\":\"https:\/\/schema.org\",\"@graph\":[{\"@type\":\"WebPage\",\"@id\":\"https:\/\/marcjuanstudio.cat\/nosaltres\/\",\"url\":\"https:\/\/marcjuanstudio.cat\/nosaltres\/\",\"name\":\"Nosotros - Marc Juan Studio\",\"isPartOf\":{\"@id\":\"https:\/\/marcjuanstudio.cat\/#website\"},\"primaryImageOfPage\":{\"@id\":\"https:\/\/marcjuanstudio.cat\/nosaltres\/#primaryimage\"},\"image\":{\"@id\":\"https:\/\/marcjuanstudio.cat\/nosaltres\/#primaryimage\"},\"thumbnailUrl\":\"https:\/\/marcjuanstudio.cat\/wp-content\/uploads\/2023\/01\/polygons.jpg\",\"datePublished\":\"2024-05-17T09:57:31+00:00\",\"dateModified\":\"2025-08-25T12:02:13+00:00\",\"breadcrumb\":{\"@id\":\"https:\/\/marcjuanstudio.cat\/nosaltres\/#breadcrumb\"},\"inLanguage\":\"es\",\"potentialAction\":[{\"@type\":\"ReadAction\",\"target\":[\"https:\/\/marcjuanstudio.cat\/nosaltres\/\"]}]},{\"@type\":\"ImageObject\",\"inLanguage\":\"es\",\"@id\":\"https:\/\/marcjuanstudio.cat\/nosaltres\/#primaryimage\",\"url\":\"https:\/\/marcjuanstudio.cat\/wp-content\/uploads\/2023\/01\/polygons.jpg\",\"contentUrl\":\"https:\/\/marcjuanstudio.cat\/wp-content\/uploads\/2023\/01\/polygons.jpg\",\"width\":1500,\"height\":1000},{\"@type\":\"BreadcrumbList\",\"@id\":\"https:\/\/marcjuanstudio.cat\/nosaltres\/#breadcrumb\",\"itemListElement\":[{\"@type\":\"ListItem\",\"position\":1,\"name\":\"Inici\",\"item\":\"https:\/\/marcjuanstudio.cat\/\"},{\"@type\":\"ListItem\",\"position\":2,\"name\":\"Nosotros\"}]},{\"@type\":\"WebSite\",\"@id\":\"https:\/\/marcjuanstudio.cat\/#website\",\"url\":\"https:\/\/marcjuanstudio.cat\/\",\"name\":\"Marc Juan Studio\",\"description\":\"\",\"publisher\":{\"@id\":\"https:\/\/marcjuanstudio.cat\/#organization\"},\"potentialAction\":[{\"@type\":\"SearchAction\",\"target\":{\"@type\":\"EntryPoint\",\"urlTemplate\":\"https:\/\/marcjuanstudio.cat\/?s={search_term_string}\"},\"query-input\":{\"@type\":\"PropertyValueSpecification\",\"valueRequired\":true,\"valueName\":\"search_term_string\"}}],\"inLanguage\":\"es\"},{\"@type\":\"Organization\",\"@id\":\"https:\/\/marcjuanstudio.cat\/#organization\",\"name\":\"Marc Juan Studio\",\"url\":\"https:\/\/marcjuanstudio.cat\/\",\"logo\":{\"@type\":\"ImageObject\",\"inLanguage\":\"es\",\"@id\":\"https:\/\/marcjuanstudio.cat\/#\/schema\/logo\/image\/\",\"url\":\"https:\/\/marcjuanstudio.cat\/wp-content\/uploads\/2025\/04\/logo.png\",\"contentUrl\":\"https:\/\/marcjuanstudio.cat\/wp-content\/uploads\/2025\/04\/logo.png\",\"width\":229,\"height\":75,\"caption\":\"Marc Juan Studio\"},\"image\":{\"@id\":\"https:\/\/marcjuanstudio.cat\/#\/schema\/logo\/image\/\"},\"sameAs\":[\"https:\/\/www.instagram.com\/marcjuan_studio\/\",\"https:\/\/vimeo.com\/user25472735\"]}]}<\/script>\n<!-- \/ Yoast SEO plugin. -->","yoast_head_json":{"title":"Nosotros - Marc Juan Studio","robots":{"index":"index","follow":"follow","max-snippet":"max-snippet:-1","max-image-preview":"max-image-preview:large","max-video-preview":"max-video-preview:-1"},"canonical":"https:\/\/marcjuanstudio.cat\/nosaltres\/","og_locale":"es_ES","og_type":"article","og_title":"Nosotros - Marc Juan Studio","og_description":"Transformamos historias en impacto para organizaciones con alma social Capturar la realidad con emoci\u00f3n es nuestra especialidad. Contarla, nuestra pasi\u00f3n. Tras dos d\u00e9cadas compartiendo historias en cadenas como National Geographic, 3Cat, DMAX o Cuatro, ponemos toda esta experiencia al servicio de las organizaciones que trabajan para hacer del planeta un lugar mejor. Somos un estudio&hellip;","og_url":"https:\/\/marcjuanstudio.cat\/nosaltres\/","og_site_name":"Marc Juan Studio","article_modified_time":"2025-08-25T12:02:13+00:00","og_image":[{"width":1500,"height":1000,"url":"https:\/\/marcjuanstudio.cat\/wp-content\/uploads\/2023\/01\/polygons.jpg","type":"image\/jpeg"}],"twitter_card":"summary_large_image","twitter_misc":{"Tiempo de lectura":"1 minuto"},"schema":{"@context":"https:\/\/schema.org","@graph":[{"@type":"WebPage","@id":"https:\/\/marcjuanstudio.cat\/nosaltres\/","url":"https:\/\/marcjuanstudio.cat\/nosaltres\/","name":"Nosotros - Marc Juan Studio","isPartOf":{"@id":"https:\/\/marcjuanstudio.cat\/#website"},"primaryImageOfPage":{"@id":"https:\/\/marcjuanstudio.cat\/nosaltres\/#primaryimage"},"image":{"@id":"https:\/\/marcjuanstudio.cat\/nosaltres\/#primaryimage"},"thumbnailUrl":"https:\/\/marcjuanstudio.cat\/wp-content\/uploads\/2023\/01\/polygons.jpg","datePublished":"2024-05-17T09:57:31+00:00","dateModified":"2025-08-25T12:02:13+00:00","breadcrumb":{"@id":"https:\/\/marcjuanstudio.cat\/nosaltres\/#breadcrumb"},"inLanguage":"es","potentialAction":[{"@type":"ReadAction","target":["https:\/\/marcjuanstudio.cat\/nosaltres\/"]}]},{"@type":"ImageObject","inLanguage":"es","@id":"https:\/\/marcjuanstudio.cat\/nosaltres\/#primaryimage","url":"https:\/\/marcjuanstudio.cat\/wp-content\/uploads\/2023\/01\/polygons.jpg","contentUrl":"https:\/\/marcjuanstudio.cat\/wp-content\/uploads\/2023\/01\/polygons.jpg","width":1500,"height":1000},{"@type":"BreadcrumbList","@id":"https:\/\/marcjuanstudio.cat\/nosaltres\/#breadcrumb","itemListElement":[{"@type":"ListItem","position":1,"name":"Inici","item":"https:\/\/marcjuanstudio.cat\/"},{"@type":"ListItem","position":2,"name":"Nosotros"}]},{"@type":"WebSite","@id":"https:\/\/marcjuanstudio.cat\/#website","url":"https:\/\/marcjuanstudio.cat\/","name":"Marc Juan Studio","description":"","publisher":{"@id":"https:\/\/marcjuanstudio.cat\/#organization"},"potentialAction":[{"@type":"SearchAction","target":{"@type":"EntryPoint","urlTemplate":"https:\/\/marcjuanstudio.cat\/?s={search_term_string}"},"query-input":{"@type":"PropertyValueSpecification","valueRequired":true,"valueName":"search_term_string"}}],"inLanguage":"es"},{"@type":"Organization","@id":"https:\/\/marcjuanstudio.cat\/#organization","name":"Marc Juan Studio","url":"https:\/\/marcjuanstudio.cat\/","logo":{"@type":"ImageObject","inLanguage":"es","@id":"https:\/\/marcjuanstudio.cat\/#\/schema\/logo\/image\/","url":"https:\/\/marcjuanstudio.cat\/wp-content\/uploads\/2025\/04\/logo.png","contentUrl":"https:\/\/marcjuanstudio.cat\/wp-content\/uploads\/2025\/04\/logo.png","width":229,"height":75,"caption":"Marc Juan Studio"},"image":{"@id":"https:\/\/marcjuanstudio.cat\/#\/schema\/logo\/image\/"},"sameAs":["https:\/\/www.instagram.com\/marcjuan_studio\/","https:\/\/vimeo.com\/user25472735"]}]}},"_links":{"self":[{"href":"https:\/\/marcjuanstudio.cat\/es\/wp-json\/wp\/v2\/pages\/39193","targetHints":{"allow":["GET"]}}],"collection":[{"href":"https:\/\/marcjuanstudio.cat\/es\/wp-json\/wp\/v2\/pages"}],"about":[{"href":"https:\/\/marcjuanstudio.cat\/es\/wp-json\/wp\/v2\/types\/page"}],"author":[{"embeddable":true,"href":"https:\/\/marcjuanstudio.cat\/es\/wp-json\/wp\/v2\/users\/1"}],"replies":[{"embeddable":true,"href":"https:\/\/marcjuanstudio.cat\/es\/wp-json\/wp\/v2\/comments?post=39193"}],"version-history":[{"count":12,"href":"https:\/\/marcjuanstudio.cat\/es\/wp-json\/wp\/v2\/pages\/39193\/revisions"}],"predecessor-version":[{"id":39460,"href":"https:\/\/marcjuanstudio.cat\/es\/wp-json\/wp\/v2\/pages\/39193\/revisions\/39460"}],"wp:featuredmedia":[{"embeddable":true,"href":"https:\/\/marcjuanstudio.cat\/es\/wp-json\/wp\/v2\/media\/18781"}],"wp:attachment":[{"href":"https:\/\/marcjuanstudio.cat\/es\/wp-json\/wp\/v2\/media?parent=39193"}],"curies":[{"name":"wp","href":"https:\/\/api.w.org\/{rel}","templated":true}]}}